{"id":271,"date":"2021-03-23T10:16:25","date_gmt":"2021-03-23T09:16:25","guid":{"rendered":"http:\/\/florenus.diekonzeptin.com\/?page_id=271"},"modified":"2022-08-05T17:32:30","modified_gmt":"2022-08-05T15:32:30","slug":"technology-management","status":"publish","type":"page","link":"https:\/\/www.florenus.com\/en\/intellectual-property\/technologie-management\/","title":{"rendered":"IP service: Technology management"},"content":{"rendered":"<div data-elementor-type=\"wp-page\" data-elementor-id=\"271\" class=\"elementor elementor-271\" data-elementor-post-type=\"page\">\n\t\t\t\t\t\t<section class=\"ob-is-breaking-bad elementor-section elementor-top-section elementor-element elementor-element-eca6602 elementor-section-boxed elementor-section-height-default elementor-section-height-default\" data-id=\"eca6602\" data-element_type=\"section\" data-e-type=\"section\" data-settings=\"{&quot;background_background&quot;:&quot;classic&quot;,&quot;_ob_bbad_use_it&quot;:&quot;yes&quot;,&quot;_ob_bbad_sssic_use&quot;:&quot;no&quot;,&quot;_ob_glider_is_slider&quot;:&quot;no&quot;}\">\n\t\t\t\t\t\t\t<div class=\"elementor-background-overlay\"><\/div>\n\t\t\t\t\t\t\t<div class=\"elementor-container elementor-column-gap-default\">\n\t\t\t\t\t<div class=\"elementor-column elementor-col-100 elementor-top-column elementor-element elementor-element-33b48ac\" data-id=\"33b48ac\" data-element_type=\"column\" data-e-type=\"column\" data-settings=\"{&quot;_ob_bbad_is_stalker&quot;:&quot;no&quot;,&quot;_ob_teleporter_use&quot;:false,&quot;_ob_column_hoveranimator&quot;:&quot;no&quot;,&quot;_ob_column_has_pseudo&quot;:&quot;no&quot;}\">\n\t\t\t<div class=\"elementor-widget-wrap elementor-element-populated\">\n\t\t\t\t\t\t<div class=\"elementor-element elementor-element-dc5b470 ob-harakiri-inherit ob-has-background-overlay elementor-widget elementor-widget-heading\" data-id=\"dc5b470\" data-element_type=\"widget\" data-e-type=\"widget\" data-settings=\"{&quot;_ob_use_harakiri&quot;:&quot;yes&quot;,&quot;_ob_harakiri_writing_mode&quot;:&quot;inherit&quot;,&quot;_ob_harakiri_text_clip&quot;:&quot;none&quot;,&quot;_ob_perspektive_use&quot;:&quot;no&quot;,&quot;_ob_poopart_use&quot;:&quot;yes&quot;,&quot;_ob_shadough_use&quot;:&quot;no&quot;,&quot;_ob_allow_hoveranimator&quot;:&quot;no&quot;,&quot;_ob_widget_stalker_use&quot;:&quot;no&quot;}\" data-widget_type=\"heading.default\">\n\t\t\t\t<div class=\"elementor-widget-container\">\n\t\t\t\t\t<h2 class=\"elementor-heading-title elementor-size-default\">TECHNOLOGY MANAGEMENT<\/h2>\t\t\t\t<\/div>\n\t\t\t\t<\/div>\n\t\t\t\t\t<\/div>\n\t\t<\/div>\n\t\t\t\t\t<\/div>\n\t\t<\/section>\n\t\t\t\t<section class=\"ob-is-breaking-bad elementor-section elementor-top-section elementor-element elementor-element-f858304 elementor-section-boxed elementor-section-height-default elementor-section-height-default\" data-id=\"f858304\" data-element_type=\"section\" data-e-type=\"section\" data-settings=\"{&quot;background_background&quot;:&quot;classic&quot;,&quot;_ob_bbad_use_it&quot;:&quot;yes&quot;,&quot;_ob_bbad_sssic_use&quot;:&quot;no&quot;,&quot;_ob_glider_is_slider&quot;:&quot;no&quot;}\">\n\t\t\t\t\t\t<div class=\"elementor-container elementor-column-gap-default\">\n\t\t\t\t\t<div class=\"elementor-column elementor-col-50 elementor-top-column elementor-element elementor-element-36dee49\" data-id=\"36dee49\" data-element_type=\"column\" data-e-type=\"column\" data-settings=\"{&quot;_ob_bbad_is_stalker&quot;:&quot;no&quot;,&quot;_ob_teleporter_use&quot;:false,&quot;_ob_column_hoveranimator&quot;:&quot;no&quot;,&quot;_ob_column_has_pseudo&quot;:&quot;no&quot;}\">\n\t\t\t<div class=\"elementor-widget-wrap\">\n\t\t\t\t\t\t\t<\/div>\n\t\t<\/div>\n\t\t\t\t<div class=\"elementor-column elementor-col-50 elementor-top-column elementor-element elementor-element-e01fd45 elementor-invisible\" data-id=\"e01fd45\" data-element_type=\"column\" data-e-type=\"column\" data-settings=\"{&quot;background_background&quot;:&quot;classic&quot;,&quot;animation&quot;:&quot;fadeInUp&quot;,&quot;animation_delay&quot;:200,&quot;_ob_bbad_is_stalker&quot;:&quot;no&quot;,&quot;_ob_teleporter_use&quot;:false,&quot;_ob_column_hoveranimator&quot;:&quot;no&quot;,&quot;_ob_column_has_pseudo&quot;:&quot;no&quot;}\">\n\t\t\t<div class=\"elementor-widget-wrap elementor-element-populated\">\n\t\t\t\t\t\t<div class=\"elementor-element elementor-element-d7494e6 ob-harakiri-inherit ob-has-background-overlay elementor-widget elementor-widget-heading\" data-id=\"d7494e6\" data-element_type=\"widget\" data-e-type=\"widget\" data-settings=\"{&quot;_ob_use_harakiri&quot;:&quot;yes&quot;,&quot;_ob_harakiri_writing_mode&quot;:&quot;inherit&quot;,&quot;_ob_harakiri_text_clip&quot;:&quot;none&quot;,&quot;_ob_perspektive_use&quot;:&quot;no&quot;,&quot;_ob_poopart_use&quot;:&quot;yes&quot;,&quot;_ob_shadough_use&quot;:&quot;no&quot;,&quot;_ob_allow_hoveranimator&quot;:&quot;no&quot;,&quot;_ob_widget_stalker_use&quot;:&quot;no&quot;}\" data-widget_type=\"heading.default\">\n\t\t\t\t<div class=\"elementor-widget-container\">\n\t\t\t\t\t<h2 class=\"elementor-heading-title elementor-size-default\">INCREASE THE ADDED VALUE OF YOUR TECHNOLOGIES - SUSTAINABLE, INNOVATIVE, PROFITABLE<\/h2>\t\t\t\t<\/div>\n\t\t\t\t<\/div>\n\t\t\t\t<div class=\"elementor-element elementor-element-e12e1ad ob-harakiri-inherit ob-has-background-overlay elementor-widget elementor-widget-text-editor\" data-id=\"e12e1ad\" data-element_type=\"widget\" data-e-type=\"widget\" data-settings=\"{&quot;_ob_use_harakiri&quot;:&quot;yes&quot;,&quot;_ob_harakiri_writing_mode&quot;:&quot;inherit&quot;,&quot;_ob_postman_use&quot;:&quot;no&quot;,&quot;_ob_perspektive_use&quot;:&quot;no&quot;,&quot;_ob_poopart_use&quot;:&quot;yes&quot;,&quot;_ob_shadough_use&quot;:&quot;no&quot;,&quot;_ob_allow_hoveranimator&quot;:&quot;no&quot;,&quot;_ob_widget_stalker_use&quot;:&quot;no&quot;}\" data-widget_type=\"text-editor.default\">\n\t\t\t\t<div class=\"elementor-widget-container\">\n\t\t\t\t\t\t\t\t\t<p>We support you in the development of innovation strategies for patents, intellectual property and technologies worldwide.<\/p>\t\t\t\t\t\t\t\t<\/div>\n\t\t\t\t<\/div>\n\t\t\t\t\t<\/div>\n\t\t<\/div>\n\t\t\t\t\t<\/div>\n\t\t<\/section>\n\t\t\t\t<section class=\"ob-is-breaking-bad elementor-section elementor-top-section elementor-element elementor-element-a7a1bb6 elementor-section-boxed elementor-section-height-default elementor-section-height-default\" data-id=\"a7a1bb6\" data-element_type=\"section\" data-e-type=\"section\" data-settings=\"{&quot;_ob_bbad_use_it&quot;:&quot;yes&quot;,&quot;_ob_bbad_sssic_use&quot;:&quot;no&quot;,&quot;_ob_glider_is_slider&quot;:&quot;no&quot;}\">\n\t\t\t\t\t\t<div class=\"elementor-container elementor-column-gap-default\">\n\t\t\t\t\t<div class=\"elementor-column elementor-col-50 elementor-top-column elementor-element elementor-element-9968941\" data-id=\"9968941\" data-element_type=\"column\" data-e-type=\"column\" data-settings=\"{&quot;_ob_bbad_is_stalker&quot;:&quot;no&quot;,&quot;_ob_teleporter_use&quot;:false,&quot;_ob_column_hoveranimator&quot;:&quot;no&quot;,&quot;_ob_column_has_pseudo&quot;:&quot;no&quot;}\">\n\t\t\t<div class=\"elementor-widget-wrap elementor-element-populated\">\n\t\t\t\t\t\t<div class=\"elementor-element elementor-element-cc7edba ob-harakiri-inherit ob-has-background-overlay elementor-widget elementor-widget-heading\" data-id=\"cc7edba\" data-element_type=\"widget\" data-e-type=\"widget\" data-settings=\"{&quot;_ob_use_harakiri&quot;:&quot;yes&quot;,&quot;_ob_harakiri_writing_mode&quot;:&quot;inherit&quot;,&quot;_ob_harakiri_text_clip&quot;:&quot;none&quot;,&quot;_ob_perspektive_use&quot;:&quot;no&quot;,&quot;_ob_poopart_use&quot;:&quot;yes&quot;,&quot;_ob_shadough_use&quot;:&quot;no&quot;,&quot;_ob_allow_hoveranimator&quot;:&quot;no&quot;,&quot;_ob_widget_stalker_use&quot;:&quot;no&quot;}\" data-widget_type=\"heading.default\">\n\t\t\t\t<div class=\"elementor-widget-container\">\n\t\t\t\t\t<h2 class=\"elementor-heading-title elementor-size-default\">HOW DO I BUILD INNOVATION STRATEGIES FOR PATENTS?<\/h2>\t\t\t\t<\/div>\n\t\t\t\t<\/div>\n\t\t\t\t\t<\/div>\n\t\t<\/div>\n\t\t\t\t<div class=\"elementor-column elementor-col-50 elementor-top-column elementor-element elementor-element-dd0621c\" data-id=\"dd0621c\" data-element_type=\"column\" data-e-type=\"column\" data-settings=\"{&quot;_ob_bbad_is_stalker&quot;:&quot;no&quot;,&quot;_ob_teleporter_use&quot;:false,&quot;_ob_column_hoveranimator&quot;:&quot;no&quot;,&quot;_ob_column_has_pseudo&quot;:&quot;no&quot;}\">\n\t\t\t<div class=\"elementor-widget-wrap elementor-element-populated\">\n\t\t\t\t\t\t<div class=\"elementor-element elementor-element-542353a ob-harakiri-inherit ob-has-background-overlay elementor-widget elementor-widget-text-editor\" data-id=\"542353a\" data-element_type=\"widget\" data-e-type=\"widget\" data-settings=\"{&quot;_ob_use_harakiri&quot;:&quot;yes&quot;,&quot;_ob_harakiri_writing_mode&quot;:&quot;inherit&quot;,&quot;_ob_postman_use&quot;:&quot;no&quot;,&quot;_ob_perspektive_use&quot;:&quot;no&quot;,&quot;_ob_poopart_use&quot;:&quot;yes&quot;,&quot;_ob_shadough_use&quot;:&quot;no&quot;,&quot;_ob_allow_hoveranimator&quot;:&quot;no&quot;,&quot;_ob_widget_stalker_use&quot;:&quot;no&quot;}\" data-widget_type=\"text-editor.default\">\n\t\t\t\t<div class=\"elementor-widget-container\">\n\t\t\t\t\t\t\t\t\t<p>Have you ever asked yourself\u2026<\/p><ul><li>To what extent do I need to purchase technology for my company?<\/li><li>How do I promote intellectual property in my company?<\/li><li>How can I utilise the world's latest technologies to my advantage?<\/li><li>What is my competitive position?<\/li><li>How can I drive forward my own development in the long term?<br \/>How can I find buyers on the market for cancelled development projects?<\/li><\/ul><p>\u00a0<\/p><p>Internationally successful companies benefit from the global standardisation of industrial property rights - especially in the area of technology management.<\/p><p>We analyse your technology and property rights portfolio and design a selection process that is specifically tailored to your needs.<\/p><p>Through targeted technology management consulting, i.e. a conscious selection of technologies and the right IP strategy, we simplify your technology marketing and consider all cross-market opportunities.<\/p><p>Florenus aims to improve your competitive position through an innovative concept of IP and technology strategy. Through technology management with Florenus, you benefit not only from an increase in your commercial value, but also from a reduction in the costs of managing your technology portfolios.<\/p>\t\t\t\t\t\t\t\t<\/div>\n\t\t\t\t<\/div>\n\t\t\t\t\t<\/div>\n\t\t<\/div>\n\t\t\t\t\t<\/div>\n\t\t<\/section>\n\t\t\t\t<\/div>","protected":false},"excerpt":{"rendered":"<p>TECHNOLOGIE MANAGEMENT STEIGERN SIE DEN MEHRWERT IHRER TECHNOLOGIEN \u2013 NACHHALTIG, INNOVATIV, GEWINNBRINGEND Wir unterst\u00fctzen Sie bei der Entwicklung von Innovationsstrategien f\u00fcr Patente, Intellectual Property und Technologien weltweit. WIE BAUE ICH INNOVATIONS\u00adSTRATEGIEN F\u00dcR PATENTE AUF? Haben Sie sich auch schon gefragt\u2026 Inwieweit ben\u00f6tige ich einen Technologiezukauf f\u00fcr mein Unternehmen? Wie f\u00f6rdere ich Intellectual Property in meinem [&hellip;]<\/p>\n","protected":false},"author":6,"featured_media":0,"parent":226,"menu_order":0,"comment_status":"closed","ping_status":"closed","template":"elementor_header_footer","meta":{"_acf_changed":false,"footnotes":""},"class_list":["post-271","page","type-page","status-publish","hentry"],"acf":[],"yoast_head":"<!-- This site is optimized with the Yoast SEO plugin v27.5 - https:\/\/yoast.com\/product\/yoast-seo-wordpress\/ -->\n<title>IP-Service: Technologie Management - Florenus Consulting GmbH<\/title>\n<meta name=\"robots\" content=\"index, follow, max-snippet:-1, max-image-preview:large, max-video-preview:-1\" \/>\n<link rel=\"canonical\" href=\"https:\/\/www.florenus.com\/en\/intellectual-property\/technology-management\/\" \/>\n<meta property=\"og:locale\" content=\"en_GB\" \/>\n<meta property=\"og:type\" content=\"article\" \/>\n<meta property=\"og:title\" content=\"IP-Service: Technologie Management - Florenus Consulting GmbH\" \/>\n<meta property=\"og:description\" content=\"TECHNOLOGIE MANAGEMENT STEIGERN SIE DEN MEHRWERT IHRER TECHNOLOGIEN \u2013 NACHHALTIG, INNOVATIV, GEWINNBRINGEND Wir unterst\u00fctzen Sie bei der Entwicklung von Innovationsstrategien f\u00fcr Patente, Intellectual Property und Technologien weltweit. WIE BAUE ICH INNOVATIONS\u00adSTRATEGIEN F\u00dcR PATENTE AUF? Haben Sie sich auch schon gefragt\u2026 Inwieweit ben\u00f6tige ich einen Technologiezukauf f\u00fcr mein Unternehmen? Wie f\u00f6rdere ich Intellectual Property in meinem [&hellip;]\" \/>\n<meta property=\"og:url\" content=\"https:\/\/www.florenus.com\/en\/intellectual-property\/technology-management\/\" \/>\n<meta property=\"og:site_name\" content=\"Florenus Consulting GmbH\" \/>\n<meta property=\"article:modified_time\" content=\"2022-08-05T15:32:30+00:00\" \/>\n<meta name=\"twitter:card\" content=\"summary_large_image\" \/>\n<meta name=\"twitter:label1\" content=\"Estimated reading time\" \/>\n\t<meta name=\"twitter:data1\" content=\"2 minutes\" \/>\n<script type=\"application\/ld+json\" class=\"yoast-schema-graph\">{\"@context\":\"https:\\\/\\\/schema.org\",\"@graph\":[{\"@type\":\"WebPage\",\"@id\":\"https:\\\/\\\/www.florenus.com\\\/intellectual-property\\\/technologie-management\\\/\",\"url\":\"https:\\\/\\\/www.florenus.com\\\/intellectual-property\\\/technologie-management\\\/\",\"name\":\"IP-Service: Technologie Management - Florenus Consulting GmbH\",\"isPartOf\":{\"@id\":\"https:\\\/\\\/www.florenus.com\\\/#website\"},\"datePublished\":\"2021-03-23T09:16:25+00:00\",\"dateModified\":\"2022-08-05T15:32:30+00:00\",\"breadcrumb\":{\"@id\":\"https:\\\/\\\/www.florenus.com\\\/intellectual-property\\\/technologie-management\\\/#breadcrumb\"},\"inLanguage\":\"en-GB\",\"potentialAction\":[{\"@type\":\"ReadAction\",\"target\":[\"https:\\\/\\\/www.florenus.com\\\/intellectual-property\\\/technologie-management\\\/\"]}]},{\"@type\":\"BreadcrumbList\",\"@id\":\"https:\\\/\\\/www.florenus.com\\\/intellectual-property\\\/technologie-management\\\/#breadcrumb\",\"itemListElement\":[{\"@type\":\"ListItem\",\"position\":1,\"name\":\"Startseite\",\"item\":\"https:\\\/\\\/www.florenus.com\\\/\"},{\"@type\":\"ListItem\",\"position\":2,\"name\":\"Alt: Intellectual Property\",\"item\":\"https:\\\/\\\/www.florenus.com\\\/intellectual-property\\\/\"},{\"@type\":\"ListItem\",\"position\":3,\"name\":\"IP-Service: Technologie Management\"}]},{\"@type\":\"WebSite\",\"@id\":\"https:\\\/\\\/www.florenus.com\\\/#website\",\"url\":\"https:\\\/\\\/www.florenus.com\\\/\",\"name\":\"Florenus Consulting GmbH\",\"description\":\"Patentschutz f\u00fcr Produkte und Design\",\"publisher\":{\"@id\":\"https:\\\/\\\/www.florenus.com\\\/#organization\"},\"potentialAction\":[{\"@type\":\"SearchAction\",\"target\":{\"@type\":\"EntryPoint\",\"urlTemplate\":\"https:\\\/\\\/www.florenus.com\\\/?s={search_term_string}\"},\"query-input\":{\"@type\":\"PropertyValueSpecification\",\"valueRequired\":true,\"valueName\":\"search_term_string\"}}],\"inLanguage\":\"en-GB\"},{\"@type\":\"Organization\",\"@id\":\"https:\\\/\\\/www.florenus.com\\\/#organization\",\"name\":\"Florenus Consulting GmbH\",\"url\":\"https:\\\/\\\/www.florenus.com\\\/\",\"logo\":{\"@type\":\"ImageObject\",\"inLanguage\":\"en-GB\",\"@id\":\"https:\\\/\\\/www.florenus.com\\\/#\\\/schema\\\/logo\\\/image\\\/\",\"url\":\"https:\\\/\\\/www.florenus.com\\\/wp-content\\\/uploads\\\/2021\\\/03\\\/Florenus_Logo.png\",\"contentUrl\":\"https:\\\/\\\/www.florenus.com\\\/wp-content\\\/uploads\\\/2021\\\/03\\\/Florenus_Logo.png\",\"width\":2142,\"height\":434,\"caption\":\"Florenus Consulting GmbH\"},\"image\":{\"@id\":\"https:\\\/\\\/www.florenus.com\\\/#\\\/schema\\\/logo\\\/image\\\/\"},\"sameAs\":[\"https:\\\/\\\/www.linkedin.com\\\/company\\\/florenus-ag\\\/\"]}]}<\/script>\n<!-- \/ Yoast SEO plugin. -->","yoast_head_json":{"title":"IP Service: Technology Management - Florenus Consulting GmbH","robots":{"index":"index","follow":"follow","max-snippet":"max-snippet:-1","max-image-preview":"max-image-preview:large","max-video-preview":"max-video-preview:-1"},"canonical":"https:\/\/www.florenus.com\/en\/intellectual-property\/technology-management\/","og_locale":"en_GB","og_type":"article","og_title":"IP-Service: Technologie Management - Florenus Consulting GmbH","og_description":"TECHNOLOGIE MANAGEMENT STEIGERN SIE DEN MEHRWERT IHRER TECHNOLOGIEN \u2013 NACHHALTIG, INNOVATIV, GEWINNBRINGEND Wir unterst\u00fctzen Sie bei der Entwicklung von Innovationsstrategien f\u00fcr Patente, Intellectual Property und Technologien weltweit. WIE BAUE ICH INNOVATIONS\u00adSTRATEGIEN F\u00dcR PATENTE AUF? Haben Sie sich auch schon gefragt\u2026 Inwieweit ben\u00f6tige ich einen Technologiezukauf f\u00fcr mein Unternehmen? Wie f\u00f6rdere ich Intellectual Property in meinem [&hellip;]","og_url":"https:\/\/www.florenus.com\/en\/intellectual-property\/technology-management\/","og_site_name":"Florenus Consulting GmbH","article_modified_time":"2022-08-05T15:32:30+00:00","twitter_card":"summary_large_image","twitter_misc":{"Estimated reading time":"2 minutes"},"schema":{"@context":"https:\/\/schema.org","@graph":[{"@type":"WebPage","@id":"https:\/\/www.florenus.com\/intellectual-property\/technologie-management\/","url":"https:\/\/www.florenus.com\/intellectual-property\/technologie-management\/","name":"IP Service: Technology Management - Florenus Consulting GmbH","isPartOf":{"@id":"https:\/\/www.florenus.com\/#website"},"datePublished":"2021-03-23T09:16:25+00:00","dateModified":"2022-08-05T15:32:30+00:00","breadcrumb":{"@id":"https:\/\/www.florenus.com\/intellectual-property\/technologie-management\/#breadcrumb"},"inLanguage":"en-GB","potentialAction":[{"@type":"ReadAction","target":["https:\/\/www.florenus.com\/intellectual-property\/technologie-management\/"]}]},{"@type":"BreadcrumbList","@id":"https:\/\/www.florenus.com\/intellectual-property\/technologie-management\/#breadcrumb","itemListElement":[{"@type":"ListItem","position":1,"name":"Startseite","item":"https:\/\/www.florenus.com\/"},{"@type":"ListItem","position":2,"name":"Alt: Intellectual Property","item":"https:\/\/www.florenus.com\/intellectual-property\/"},{"@type":"ListItem","position":3,"name":"IP-Service: Technologie Management"}]},{"@type":"WebSite","@id":"https:\/\/www.florenus.com\/#website","url":"https:\/\/www.florenus.com\/","name":"Florenus Consulting GmbH","description":"Patent protection for products and design","publisher":{"@id":"https:\/\/www.florenus.com\/#organization"},"potentialAction":[{"@type":"SearchAction","target":{"@type":"EntryPoint","urlTemplate":"https:\/\/www.florenus.com\/?s={search_term_string}"},"query-input":{"@type":"PropertyValueSpecification","valueRequired":true,"valueName":"search_term_string"}}],"inLanguage":"en-GB"},{"@type":"Organization","@id":"https:\/\/www.florenus.com\/#organization","name":"Florenus Consulting GmbH","url":"https:\/\/www.florenus.com\/","logo":{"@type":"ImageObject","inLanguage":"en-GB","@id":"https:\/\/www.florenus.com\/#\/schema\/logo\/image\/","url":"https:\/\/www.florenus.com\/wp-content\/uploads\/2021\/03\/Florenus_Logo.png","contentUrl":"https:\/\/www.florenus.com\/wp-content\/uploads\/2021\/03\/Florenus_Logo.png","width":2142,"height":434,"caption":"Florenus Consulting GmbH"},"image":{"@id":"https:\/\/www.florenus.com\/#\/schema\/logo\/image\/"},"sameAs":["https:\/\/www.linkedin.com\/company\/florenus-ag\/"]}]}},"_links":{"self":[{"href":"https:\/\/www.florenus.com\/en\/wp-json\/wp\/v2\/pages\/271","targetHints":{"allow":["GET"]}}],"collection":[{"href":"https:\/\/www.florenus.com\/en\/wp-json\/wp\/v2\/pages"}],"about":[{"href":"https:\/\/www.florenus.com\/en\/wp-json\/wp\/v2\/types\/page"}],"author":[{"embeddable":true,"href":"https:\/\/www.florenus.com\/en\/wp-json\/wp\/v2\/users\/6"}],"replies":[{"embeddable":true,"href":"https:\/\/www.florenus.com\/en\/wp-json\/wp\/v2\/comments?post=271"}],"version-history":[{"count":0,"href":"https:\/\/www.florenus.com\/en\/wp-json\/wp\/v2\/pages\/271\/revisions"}],"up":[{"embeddable":true,"href":"https:\/\/www.florenus.com\/en\/wp-json\/wp\/v2\/pages\/226"}],"wp:attachment":[{"href":"https:\/\/www.florenus.com\/en\/wp-json\/wp\/v2\/media?parent=271"}],"curies":[{"name":"wp","href":"https:\/\/api.w.org\/{rel}","templated":true}]}}